{"id":1903,"date":"2023-02-01T15:25:40","date_gmt":"2023-02-01T13:25:40","guid":{"rendered":"https:\/\/hochzeitsfotograf-bodensee.ch\/?page_id=1903"},"modified":"2023-04-13T17:45:45","modified_gmt":"2023-04-13T14:45:45","slug":"referenzen","status":"publish","type":"page","link":"https:\/\/hochzeitsfotograf-bodensee.ch\/en\/referenzen\/","title":{"rendered":"REVIEWS"},"content":{"rendered":"<div data-elementor-type=\"wp-page\" data-elementor-id=\"1903\" class=\"elementor elementor-1903\" data-elementor-post-type=\"page\">\n\t\t\t\t\t\t<section class=\"elementor-section elementor-top-section elementor-element elementor-element-049db24 elementor-section-boxed elementor-section-height-default elementor-section-height-default\" data-id=\"049db24\" data-element_type=\"section\" data-e-type=\"section\">\n\t\t\t\t\t\t<div class=\"elementor-container elementor-column-gap-default\">\n\t\t\t\t\t<div class=\"elementor-column elementor-col-100 elementor-top-column elementor-element elementor-element-b02fdce\" data-id=\"b02fdce\" data-element_type=\"column\" data-e-type=\"column\">\n\t\t\t<div class=\"elementor-widget-wrap elementor-element-populated\">\n\t\t\t\t\t\t<div class=\"elementor-element elementor-element-c8a6b98 elementor-widget elementor-widget-heading\" data-id=\"c8a6b98\" data-element_type=\"widget\" data-e-type=\"widget\" data-widget_type=\"heading.default\">\n\t\t\t\t<div class=\"elementor-widget-container\">\n\t\t\t\t\t<h1 class=\"elementor-heading-title elementor-size-default\">REVIEWS<\/h1>\t\t\t\t<\/div>\n\t\t\t\t<\/div>\n\t\t\t\t\t<\/div>\n\t\t<\/div>\n\t\t\t\t\t<\/div>\n\t\t<\/section>\n\t\t\t\t<section class=\"elementor-section elementor-top-section elementor-element elementor-element-238e965 elementor-section-full_width elementor-section-height-default elementor-section-height-default\" data-id=\"238e965\" data-element_type=\"section\" data-e-type=\"section\">\n\t\t\t\t\t\t<div class=\"elementor-container elementor-column-gap-default\">\n\t\t\t\t\t<div class=\"elementor-column elementor-col-100 elementor-top-column elementor-element elementor-element-be58dd3\" data-id=\"be58dd3\" data-element_type=\"column\" data-e-type=\"column\">\n\t\t\t<div class=\"elementor-widget-wrap elementor-element-populated\">\n\t\t\t\t\t\t<div class=\"elementor-element elementor-element-4223948 elementor-widget elementor-widget-text-editor\" data-id=\"4223948\" data-element_type=\"widget\" data-e-type=\"widget\" data-widget_type=\"text-editor.default\">\n\t\t\t\t<div class=\"elementor-widget-container\">\n\t\t\t\t\t\t\t\t\t<p>I look forward to your feedback on my website, by e-mail: kontakt@hochzeitsfotograf-bodensee.ch. You can also leave a review on <a href=\"https:\/\/g.co\/kgs\/dKfqhj\">Google<\/a>.<\/p>\t\t\t\t\t\t\t\t<\/div>\n\t\t\t\t<\/div>\n\t\t\t\t<div class=\"elementor-element elementor-element-cb4beb7 elementor-widget elementor-widget-wp-widget-grw_widget\" data-id=\"cb4beb7\" data-element_type=\"widget\" data-e-type=\"widget\" data-widget_type=\"wp-widget-grw_widget.default\">\n\t\t\t\t<div class=\"elementor-widget-container\">\n\t\t\t\t\t<div class=\"wp-gr rpi wpac\" data-id=\"1961\" data-layout=\"slider\" data-exec=\"false\" data-options='{&quot;text_size&quot;:&quot;&quot;,&quot;trans&quot;:{&quot;read more&quot;:&quot;read more&quot;}}'><svg xmlns=\"http:\/\/www.w3.org\/2000\/svg\" style=\"display:none!important\"><symbol id=\"grw-tripadvisor\" viewbox=\"0 0 713.496 713.496\"><g><circle fill=\"#34E0A1\" cx=\"356.749\" cy=\"356.748\" r=\"356.748\"\/><path d=\"M577.095,287.152l43.049-46.836h-95.465c-47.792-32.646-105.51-51.659-167.931-51.659   c-62.342,0-119.899,19.054-167.612,51.659H93.432l43.049,46.836c-26.387,24.075-42.929,58.754-42.929,97.259   c0,72.665,58.914,131.578,131.579,131.578c34.519,0,65.968-13.313,89.446-35.077l42.172,45.919l42.172-45.879   c23.478,21.764,54.887,35.037,89.406,35.037c72.665,0,131.658-58.913,131.658-131.578   C620.024,345.866,603.483,311.188,577.095,287.152z M225.17,473.458c-49.188,0-89.047-39.859-89.047-89.047   s39.86-89.048,89.047-89.048c49.187,0,89.047,39.86,89.047,89.048S274.357,473.458,225.17,473.458z M356.788,381.82   c0-58.595-42.61-108.898-98.853-130.383c30.413-12.716,63.776-19.771,98.813-19.771s68.439,7.055,98.853,19.771   C399.399,272.962,356.788,323.226,356.788,381.82z M488.367,473.458c-49.188,0-89.048-39.859-89.048-89.047   s39.86-89.048,89.048-89.048s89.047,39.86,89.047,89.048S537.554,473.458,488.367,473.458z M488.367,337.694   c-25.79,0-46.677,20.887-46.677,46.677c0,25.789,20.887,46.676,46.677,46.676c25.789,0,46.676-20.887,46.676-46.676   C535.042,358.621,514.156,337.694,488.367,337.694z M271.846,384.411c0,25.789-20.887,46.676-46.676,46.676   s-46.676-20.887-46.676-46.676c0-25.79,20.887-46.677,46.676-46.677C250.959,337.694,271.846,358.621,271.846,384.411z\"\/><\/g><\/symbol><symbol id=\"grw-google\" viewbox=\"0 0 512 512\"><g fill=\"none\" fill-rule=\"evenodd\"><path d=\"M482.56 261.36c0-16.73-1.5-32.83-4.29-48.27H256v91.29h127.01c-5.47 29.5-22.1 54.49-47.09 71.23v59.21h76.27c44.63-41.09 70.37-101.59 70.37-173.46z\" fill=\"#4285f4\"\/><path d=\"M256 492c63.72 0 117.14-21.13 156.19-57.18l-76.27-59.21c-21.13 14.16-48.17 22.53-79.92 22.53-61.47 0-113.49-41.51-132.05-97.3H45.1v61.15c38.83 77.13 118.64 130.01 210.9 130.01z\" fill=\"#34a853\"\/><path d=\"M123.95 300.84c-4.72-14.16-7.4-29.29-7.4-44.84s2.68-30.68 7.4-44.84V150.01H45.1C29.12 181.87 20 217.92 20 256c0 38.08 9.12 74.13 25.1 105.99l78.85-61.15z\" fill=\"#fbbc05\"\/><path d=\"M256 113.86c34.65 0 65.76 11.91 90.22 35.29l67.69-67.69C373.03 43.39 319.61 20 256 20c-92.25 0-172.07 52.89-210.9 130.01l78.85 61.15c18.56-55.78 70.59-97.3 132.05-97.3z\" fill=\"#ea4335\"\/><path d=\"M20 20h472v472H20V20z\"\/><\/g><\/symbol><\/svg><div class=\"grw-row grw-row-m\" data-options='{\"speed\":3,\"autoplay\":true,\"mousestop\":true,\"breakpoints\":\"\"}'><div class=\"grw-header\"><div class=\"grw-header-inner rpi-flx rpi-row12\"><div class=\"grw-img-wrap\"><img loading=\"lazy\" decoding=\"async\" class=\"grw-img\" src=\"https:\/\/hochzeitsfotograf-bodensee.ch\/wp-content\/uploads\/2023\/04\/ChIJiTnTdq6LmkcRIC54nX477og.jpg\" alt=\"Fotografin Biliana Peneva place picture\" width=\"50\" height=\"50\" onerror=\"if(this.src!='data:image\/gif;base64,R0lGODlhAQABAIAAAAAAAP\/\/\/yH5BAEAAAAALAAAAAABAAEAAAIBRAA7')this.src='data:image\/gif;base64,R0lGODlhAQABAIAAAAAAAP\/\/\/yH5BAEAAAAALAAAAAABAAEAAAIBRAA7';\" ><\/div><div class=\"rpi-flx rpi-col8\"><div class=\"wp-google-name\"><a href=\"https:\/\/maps.google.com\/?cid=9866889248609152544\" target=\"_blank\" rel=\"nofollow noopener\">Fotografin Biliana Peneva<\/a><\/div><span class=\"rpi-stars\" style=\"--rating:5.0\">5.0<\/span><div class=\"wp-google-based\">Based on 7 reviews<\/div><div class=\"wp-google-powered\">powered by <span><span style=\"color:#3c6df0!important\">G<\/span><span style=\"color:#d93025!important\">o<\/span><span style=\"color:#fb8e28!important\">o<\/span><span style=\"color:#3c6df0!important\">g<\/span><span style=\"color:#188038!important\">l<\/span><span style=\"color:#d93025!important\">e<\/span><\/span><\/div><div class=\"wp-google-wr\"><a href=\"https:\/\/search.google.com\/local\/writereview?placeid=ChIJiTnTdq6LmkcRIC54nX477og\" target=\"_blank\" rel=\"nofollow noopener\" onclick=\"return rplg_leave_review_window.call(this)\">review us on<svg height=\"16\" width=\"16\" role=\"none\"><use href=\"#grw-google\"><\/use><\/svg><\/a><\/div><\/div><\/div><\/div><div class=\"rpi-slides-root grw-content\"><div class=\"grw-content-inner\"><button class=\"rpi-ltgt rpi-lt grw-prev\" tabindex=\"0\"><\/button><div class=\"rpi-slides grw-reviews rpi-slides-bite\" data-count=\"6\" data-offset=\"6\"><div class=\"rpi-slide grw-review\"><div class=\"rpi-flx rpi-col12 grw-review-inner grw-backgnd\"><div class=\"rpi-flx rpi-row12-center\"><div class=\"grw-img-wrap\"><img loading=\"lazy\" decoding=\"async\" class=\"grw-img\" src=\"https:\/\/hochzeitsfotograf-bodensee.ch\/wp-content\/uploads\/2023\/07\/ChIJiTnTdq6LmkcRIC54nX477og_1fd8c102f8e352213eea43a0ae236810.jpg\" alt=\"Cala Bou profile picture\" width=\"50\" height=\"50\" onerror=\"if(this.src!='https:\/\/hochzeitsfotograf-bodensee.ch\/wp-content\/plugins\/widget-google-reviews\/assets\/img\/guest.png')this.src='https:\/\/hochzeitsfotograf-bodensee.ch\/wp-content\/plugins\/widget-google-reviews\/assets\/img\/guest.png';\" ><\/div><div class=\"rpi-flx rpi-col6\"><a href=\"https:\/\/www.google.com\/maps\/contrib\/107687940702927409098\/reviews\" class=\"wp-google-name\" target=\"_blank\" rel=\"nofollow noopener\">Cala Bou<\/a><div class=\"wp-google-time\" data-time=\"1676907628\">15:40 20 Feb 23<\/div><\/div><\/div><span class=\"rpi-stars\" style=\"--rating:5\"><\/span><div class=\"rpi-flx rpi-col4\"><div class=\"wp-google-feedback grw-scroll\" ><span class=\"wp-google-text\">Mrs. Peneva is a great photographer with wonderful ideas and enjoys her work. She took incomparably beautiful photos of our wedding for us, which we will always remember. We would like to take this opportunity to express our heartfelt thanks again.<\/span><\/div><\/div><svg height=\"16\" width=\"16\" role=\"none\"><use href=\"#grw-google\"\/><\/svg><\/div><\/div><div class=\"rpi-slide grw-review\"><div class=\"rpi-flx rpi-col12 grw-review-inner grw-backgnd\"><div class=\"rpi-flx rpi-row12-center\"><div class=\"grw-img-wrap\"><img loading=\"lazy\" decoding=\"async\" class=\"grw-img\" src=\"https:\/\/hochzeitsfotograf-bodensee.ch\/wp-content\/uploads\/2023\/07\/ChIJiTnTdq6LmkcRIC54nX477og_9e8f6970efeb48859538b43d3c6f988f.jpg\" alt=\"M\u00e1t\u00e9 Rig\u00f3 profile picture\" width=\"50\" height=\"50\" onerror=\"if(this.src!='https:\/\/hochzeitsfotograf-bodensee.ch\/wp-content\/plugins\/widget-google-reviews\/assets\/img\/guest.png')this.src='https:\/\/hochzeitsfotograf-bodensee.ch\/wp-content\/plugins\/widget-google-reviews\/assets\/img\/guest.png';\" ><\/div><div class=\"rpi-flx rpi-col6\"><a href=\"https:\/\/www.google.com\/maps\/contrib\/105980806883248951251\/reviews\" class=\"wp-google-name\" target=\"_blank\" rel=\"nofollow noopener\">M\u00e1t\u00e9 Rig\u00f3<\/a><div class=\"wp-google-time\" data-time=\"1676228762\">19:06 12 Feb 23<\/div><\/div><\/div><span class=\"rpi-stars\" style=\"--rating:5\"><\/span><div class=\"rpi-flx rpi-col4\"><div class=\"wp-google-feedback grw-scroll\" ><span class=\"wp-google-text\">Biliana was our photographer at our wedding on 10\/21\/22. She captured every moment, took beautiful photos. Always given tips and responded to our wishes. We felt very comfortable &#x1f970; definitely recommend! For us, the Biliana is perfect &#x1f60d;.<\/span><\/div><\/div><svg height=\"16\" width=\"16\" role=\"none\"><use href=\"#grw-google\"\/><\/svg><\/div><\/div><div class=\"rpi-slide grw-review\"><div class=\"rpi-flx rpi-col12 grw-review-inner grw-backgnd\"><div class=\"rpi-flx rpi-row12-center\"><div class=\"grw-img-wrap\"><img loading=\"lazy\" decoding=\"async\" class=\"grw-img\" src=\"https:\/\/hochzeitsfotograf-bodensee.ch\/wp-content\/uploads\/2023\/05\/ChIJiTnTdq6LmkcRIC54nX477og_62227059dd8636e561b69531ea59353b.jpg\" alt=\"Kerstin Muhr profile picture\" width=\"50\" height=\"50\" onerror=\"if(this.src!='https:\/\/hochzeitsfotograf-bodensee.ch\/wp-content\/plugins\/widget-google-reviews\/assets\/img\/guest.png')this.src='https:\/\/hochzeitsfotograf-bodensee.ch\/wp-content\/plugins\/widget-google-reviews\/assets\/img\/guest.png';\" ><\/div><div class=\"rpi-flx rpi-col6\"><a href=\"https:\/\/www.google.com\/maps\/contrib\/113178846378523935278\/reviews\" class=\"wp-google-name\" target=\"_blank\" rel=\"nofollow noopener\">Kerstin Muhr<\/a><div class=\"wp-google-time\" data-time=\"1675851603\">10:20 08 Feb 23<\/div><\/div><\/div><span class=\"rpi-stars\" style=\"--rating:5\"><\/span><div class=\"rpi-flx rpi-col4\"><div class=\"wp-google-feedback grw-scroll\" ><span class=\"wp-google-text\">Wow just wow...great photographer...Billy was our \"surprise present\"...ie I met her on the day of our wedding...so it was not possible to get to know each other or to have a consultation...But Billy entered the room and the ice was broken immediately...I immediately trusted her completely...without a long discussion of wishes etc. (simply not possible in terms of time, I said just do what and what you think) we went to the civil wedding... And so our wedding day took its course and Billy acted according to the motto \"she came saw and won...\" the pictures are fantastically beautiful we love them &#x1f970; so our pictures &#x1f609;Billy was the greatest gift &#x1f381; ever...great work. ..if I could give more stars I would do it immediately...many many thanks dear Billy you do your job with a lot &#x2665;&#xfe0f;<br \/><br \/>#bestphotographer #heartphotography<br \/>#not a job but a vocation<br \/>#again and again<br \/>#weddingphotography<\/span><\/div><\/div><svg height=\"16\" width=\"16\" role=\"none\"><use href=\"#grw-google\"\/><\/svg><\/div><\/div><div class=\"rpi-slide grw-review\"><div class=\"rpi-flx rpi-col12 grw-review-inner grw-backgnd\"><div class=\"rpi-flx rpi-row12-center\"><div class=\"grw-img-wrap\"><img loading=\"lazy\" decoding=\"async\" class=\"grw-img\" src=\"https:\/\/hochzeitsfotograf-bodensee.ch\/wp-content\/uploads\/2023\/07\/ChIJiTnTdq6LmkcRIC54nX477og_df3f4c6a7682e227b61941776a0738f3.jpg\" alt=\"Nadine Furger profile picture\" width=\"50\" height=\"50\" onerror=\"if(this.src!='https:\/\/hochzeitsfotograf-bodensee.ch\/wp-content\/plugins\/widget-google-reviews\/assets\/img\/guest.png')this.src='https:\/\/hochzeitsfotograf-bodensee.ch\/wp-content\/plugins\/widget-google-reviews\/assets\/img\/guest.png';\" ><\/div><div class=\"rpi-flx rpi-col6\"><a href=\"https:\/\/www.google.com\/maps\/contrib\/102608062967615531518\/reviews\" class=\"wp-google-name\" target=\"_blank\" rel=\"nofollow noopener\">Nadine Furger<\/a><div class=\"wp-google-time\" data-time=\"1675269071\">16:31 01 Feb 23<\/div><\/div><\/div><span class=\"rpi-stars\" style=\"--rating:5\"><\/span><div class=\"rpi-flx rpi-col4\"><div class=\"wp-google-feedback grw-scroll\" ><span class=\"wp-google-text\">We got married in December 2021 and are so happy to have such beautiful photos of our day. Biliana captured great pictures and the most beautiful moments. We would choose them again any time!<\/span><\/div><\/div><svg height=\"16\" width=\"16\" role=\"none\"><use href=\"#grw-google\"\/><\/svg><\/div><\/div><div class=\"rpi-slide grw-review\"><div class=\"rpi-flx rpi-col12 grw-review-inner grw-backgnd\"><div class=\"rpi-flx rpi-row12-center\"><div class=\"grw-img-wrap\"><img loading=\"lazy\" decoding=\"async\" class=\"grw-img\" src=\"https:\/\/hochzeitsfotograf-bodensee.ch\/wp-content\/uploads\/2023\/07\/ChIJiTnTdq6LmkcRIC54nX477og_d46c21f50b844c1971de5c74754c5311.jpg\" alt=\"Yvonne W\u00fcrz profile picture\" width=\"50\" height=\"50\" onerror=\"if(this.src!='https:\/\/hochzeitsfotograf-bodensee.ch\/wp-content\/plugins\/widget-google-reviews\/assets\/img\/guest.png')this.src='https:\/\/hochzeitsfotograf-bodensee.ch\/wp-content\/plugins\/widget-google-reviews\/assets\/img\/guest.png';\" ><\/div><div class=\"rpi-flx rpi-col6\"><a href=\"https:\/\/www.google.com\/maps\/contrib\/110914410586663724026\/reviews\" class=\"wp-google-name\" target=\"_blank\" rel=\"nofollow noopener\">Yvonne W\u00fcrz<\/a><div class=\"wp-google-time\" data-time=\"1674920500\">15:41 28 Jan 23<\/div><\/div><\/div><span class=\"rpi-stars\" style=\"--rating:5\"><\/span><div class=\"rpi-flx rpi-col4\"><div class=\"wp-google-feedback grw-scroll\" ><span class=\"wp-google-text\">In September 2020 we were allowed to do a photo shoot with Biliana at beautiful Lake Constance. Since our wedding was postponed indefinitely due to Corona, we at least didn't want to miss the souvenir photos as a couple. (Before our child a few weeks later made the family happiness complete) We discussed in advance what we would like to see, Biliana told us what else she could well imagine, and an individual offer was made that matched our wishes and what was to come workload. The appointment took place, both Biliana and we brought in and implemented our ideas. The result was outstanding. The pictures turned out beautifully, were edited as discussed and shipped on time. (She took what felt like a million pictures so that in the end we had the perfect pictures, without closed eyes or anything). In the end we got the discussed number of edited pictures, which were beautiful. That's why we asked Biliana again in December 2021 if she could do a family shoot as an exception. That wasn't a problem either, she was able to respond flexibly to our special request and the results of the shoot were worth every cent. Here, too, she kept to the agreed appointments perfectly and I can only warmly recommend her.<\/span><\/div><\/div><svg height=\"16\" width=\"16\" role=\"none\"><use href=\"#grw-google\"\/><\/svg><\/div><\/div><div class=\"rpi-slide grw-review\"><div class=\"rpi-flx rpi-col12 grw-review-inner grw-backgnd\"><div class=\"rpi-flx rpi-row12-center\"><div class=\"grw-img-wrap\"><img loading=\"lazy\" decoding=\"async\" class=\"grw-img\" src=\"https:\/\/hochzeitsfotograf-bodensee.ch\/wp-content\/uploads\/2023\/07\/ChIJiTnTdq6LmkcRIC54nX477og_7141bfea164d6d2d2d7cf4f5966c7bfa.jpg\" alt=\"Roland Surm profile picture\" width=\"50\" height=\"50\" onerror=\"if(this.src!='https:\/\/hochzeitsfotograf-bodensee.ch\/wp-content\/plugins\/widget-google-reviews\/assets\/img\/guest.png')this.src='https:\/\/hochzeitsfotograf-bodensee.ch\/wp-content\/plugins\/widget-google-reviews\/assets\/img\/guest.png';\" ><\/div><div class=\"rpi-flx rpi-col6\"><a href=\"https:\/\/www.google.com\/maps\/contrib\/106582619682612705057\/reviews\" class=\"wp-google-name\" target=\"_blank\" rel=\"nofollow noopener\">Roland Surm<\/a><div class=\"wp-google-time\" data-time=\"1674918211\">15:03 28 Jan 23<\/div><\/div><\/div><span class=\"rpi-stars\" style=\"--rating:5\"><\/span><div class=\"rpi-flx rpi-col4\"><div class=\"wp-google-feedback grw-scroll\" ><span class=\"wp-google-text\">A very professional wedding photographer. Biliana was allowed on 01.07. 22 accompany our wedding and has conjured up wonderful results. Highly recommended!<\/span><\/div><\/div><svg height=\"16\" width=\"16\" role=\"none\"><use href=\"#grw-google\"\/><\/svg><\/div><\/div><\/div><button class=\"rpi-ltgt rpi-gt grw-next\" tabindex=\"0\"><\/button><div class=\"rpi-dots-wrap\"><div class=\"rpi-dots\"><\/div><\/div><\/div><\/div><\/div><script>(function(p){if(!p)return;let w=p.offsetWidth,m=function(a,b){return Math.min(a,b)===a};p.querySelector('.grw-row').classList.replace('grw-row-m','grw-row-'+(m(w,510)?'xs':m(w,750)?'x':m(w,1100)?'s':m(w,1450)?'m':m(w,1800)?'l':'xl'))})(document.currentScript?.parentElement)<\/script><\/div>\t\t\t\t<\/div>\n\t\t\t\t<\/div>\n\t\t\t\t\t<\/div>\n\t\t<\/div>\n\t\t\t\t\t<\/div>\n\t\t<\/section>\n\t\t\t\t<\/div>","protected":false},"excerpt":{"rendered":"<p>REFERENZEN Ich freue mich \u00fcber euer Feedback auf meiner webseite, per e-mail: kontakt@hochzeitsfotograf-bodensee.ch und aber auch \u00fcber eine Bewertung auf Google.<\/p>","protected":false},"author":3,"featured_media":0,"parent":0,"menu_order":0,"comment_status":"closed","ping_status":"closed","template":"","meta":{"footnotes":""},"class_list":["post-1903","page","type-page","status-publish","hentry"],"_links":{"self":[{"href":"https:\/\/hochzeitsfotograf-bodensee.ch\/en\/wp-json\/wp\/v2\/pages\/1903","targetHints":{"allow":["GET"]}}],"collection":[{"href":"https:\/\/hochzeitsfotograf-bodensee.ch\/en\/wp-json\/wp\/v2\/pages"}],"about":[{"href":"https:\/\/hochzeitsfotograf-bodensee.ch\/en\/wp-json\/wp\/v2\/types\/page"}],"author":[{"embeddable":true,"href":"https:\/\/hochzeitsfotograf-bodensee.ch\/en\/wp-json\/wp\/v2\/users\/3"}],"replies":[{"embeddable":true,"href":"https:\/\/hochzeitsfotograf-bodensee.ch\/en\/wp-json\/wp\/v2\/comments?post=1903"}],"version-history":[{"count":47,"href":"https:\/\/hochzeitsfotograf-bodensee.ch\/en\/wp-json\/wp\/v2\/pages\/1903\/revisions"}],"predecessor-version":[{"id":1964,"href":"https:\/\/hochzeitsfotograf-bodensee.ch\/en\/wp-json\/wp\/v2\/pages\/1903\/revisions\/1964"}],"wp:attachment":[{"href":"https:\/\/hochzeitsfotograf-bodensee.ch\/en\/wp-json\/wp\/v2\/media?parent=1903"}],"curies":[{"name":"wp","href":"https:\/\/api.w.org\/{rel}","templated":true}]}}